{"id":171,"date":"2025-09-29T19:22:47","date_gmt":"2025-09-29T19:22:47","guid":{"rendered":"https:\/\/glamglow-room.ch\/?page_id=171"},"modified":"2025-10-27T20:59:40","modified_gmt":"2025-10-27T20:59:40","slug":"brow","status":"publish","type":"page","link":"https:\/\/glamglow-room.ch\/?page_id=171","title":{"rendered":"BROW"},"content":{"rendered":"\n<div class=\"wp-block-media-text is-stacked-on-mobile\" style=\"grid-template-columns:15% auto\"><figure class=\"wp-block-media-text__media\"><img loading=\"lazy\" decoding=\"async\" width=\"627\" height=\"1024\" src=\"https:\/\/glamglow-room.ch\/wp-content\/uploads\/2025\/10\/IMG_0780-627x1024.jpeg\" alt=\"\" class=\"wp-image-211 size-full\" srcset=\"https:\/\/glamglow-room.ch\/wp-content\/uploads\/2025\/10\/IMG_0780-627x1024.jpeg 627w, https:\/\/glamglow-room.ch\/wp-content\/uploads\/2025\/10\/IMG_0780-184x300.jpeg 184w, https:\/\/glamglow-room.ch\/wp-content\/uploads\/2025\/10\/IMG_0780.jpeg 686w\" sizes=\"auto, (max-width: 627px) 100vw, 627px\" \/><\/figure><div class=\"wp-block-media-text__content\">\n<p>Ombr\u00e9 Brows  &#8211; dur\u00e9e 1 \u00e0 3 ans 120 FRS<\/p>\n\n\n\n<p>Retouche (apr\u00e8s 4 \u00e0 8 semaines) 80FRS<\/p>\n<\/div><\/div>\n\n\n\n<div class=\"wp-block-media-text is-stacked-on-mobile\" style=\"grid-template-columns:15% auto\"><figure class=\"wp-block-media-text__media\"><img loading=\"lazy\" decoding=\"async\" width=\"1024\" height=\"1018\" src=\"https:\/\/glamglow-room.ch\/wp-content\/uploads\/2025\/09\/IMG_9993-1024x1018.jpeg\" alt=\"\" class=\"wp-image-172 size-full\" srcset=\"https:\/\/glamglow-room.ch\/wp-content\/uploads\/2025\/09\/IMG_9993-1024x1018.jpeg 1024w, https:\/\/glamglow-room.ch\/wp-content\/uploads\/2025\/09\/IMG_9993-300x298.jpeg 300w, https:\/\/glamglow-room.ch\/wp-content\/uploads\/2025\/09\/IMG_9993-150x150.jpeg 150w, https:\/\/glamglow-room.ch\/wp-content\/uploads\/2025\/09\/IMG_9993-768x763.jpeg 768w, https:\/\/glamglow-room.ch\/wp-content\/uploads\/2025\/09\/IMG_9993.jpeg 1179w\" sizes=\"auto, (max-width: 1024px) 100vw, 1024px\" \/><\/figure><div class=\"wp-block-media-text__content\">\n<p>BROWLIFT                     50 FRS<\/p>\n\n\n\n<p>BROWLIFT + SOIN LASHBOTOX 60 FRS<\/p>\n<\/div><\/div>\n\n\n\n<div class=\"wp-block-media-text is-stacked-on-mobile\" style=\"grid-template-columns:15% auto\"><figure class=\"wp-block-media-text__media\"><img loading=\"lazy\" decoding=\"async\" width=\"1024\" height=\"1020\" src=\"https:\/\/glamglow-room.ch\/wp-content\/uploads\/2025\/09\/IMG_9011-1024x1020.jpeg\" alt=\"\" class=\"wp-image-173 size-full\" srcset=\"https:\/\/glamglow-room.ch\/wp-content\/uploads\/2025\/09\/IMG_9011-1024x1020.jpeg 1024w, https:\/\/glamglow-room.ch\/wp-content\/uploads\/2025\/09\/IMG_9011-300x300.jpeg 300w, https:\/\/glamglow-room.ch\/wp-content\/uploads\/2025\/09\/IMG_9011-150x150.jpeg 150w, https:\/\/glamglow-room.ch\/wp-content\/uploads\/2025\/09\/IMG_9011-768x765.jpeg 768w, https:\/\/glamglow-room.ch\/wp-content\/uploads\/2025\/09\/IMG_9011.jpeg 1179w\" sizes=\"auto, (max-width: 1024px) 100vw, 1024px\" \/><\/figure><div class=\"wp-block-media-text__content\">\n<p>Restructuration des sourcils sans \u00e9pilation (HALALBROW)              60 FRS<\/p>\n<\/div><\/div>\n\n\n\n<div class=\"wp-block-media-text is-stacked-on-mobile\" style=\"grid-template-columns:15% auto\"><figure class=\"wp-block-media-text__media\"><img loading=\"lazy\" decoding=\"async\" width=\"1024\" height=\"1020\" src=\"https:\/\/glamglow-room.ch\/wp-content\/uploads\/2025\/09\/IMG_9994-1024x1020.jpeg\" alt=\"\" class=\"wp-image-179 size-full\" srcset=\"https:\/\/glamglow-room.ch\/wp-content\/uploads\/2025\/09\/IMG_9994-1024x1020.jpeg 1024w, https:\/\/glamglow-room.ch\/wp-content\/uploads\/2025\/09\/IMG_9994-300x300.jpeg 300w, https:\/\/glamglow-room.ch\/wp-content\/uploads\/2025\/09\/IMG_9994-150x150.jpeg 150w, https:\/\/glamglow-room.ch\/wp-content\/uploads\/2025\/09\/IMG_9994-768x765.jpeg 768w, https:\/\/glamglow-room.ch\/wp-content\/uploads\/2025\/09\/IMG_9994.jpeg 1179w\" sizes=\"auto, (max-width: 1024px) 100vw, 1024px\" \/><\/figure><div class=\"wp-block-media-text__content\">\n<p>Epilation sourcils          10 FRS <\/p>\n\n\n\n<p>Epilation visage 15 FRS<\/p>\n<\/div><\/div>\n","protected":false},"excerpt":{"rendered":"<p>Ombr\u00e9 Brows &#8211; dur\u00e9e 1 \u00e0 3 ans 120 FRS Retouche (apr\u00e8s 4 \u00e0 8 semaines) 80FRS BROWLIFT 50 FRS BROWLIFT + SOIN LASHBOTOX 60 FRS Restructuration des sourcils sans \u00e9pilation (HALALBROW) 60 FRS Epilation sourcils 10 FRS Epilation visage 15 FRS<\/p>\n","protected":false},"author":1,"featured_media":0,"parent":0,"menu_order":0,"comment_status":"closed","ping_status":"closed","template":"","meta":{"footnotes":""},"class_list":["post-171","page","type-page","status-publish","hentry"],"_links":{"self":[{"href":"https:\/\/glamglow-room.ch\/index.php?rest_route=\/wp\/v2\/pages\/171","targetHints":{"allow":["GET"]}}],"collection":[{"href":"https:\/\/glamglow-room.ch\/index.php?rest_route=\/wp\/v2\/pages"}],"about":[{"href":"https:\/\/glamglow-room.ch\/index.php?rest_route=\/wp\/v2\/types\/page"}],"author":[{"embeddable":true,"href":"https:\/\/glamglow-room.ch\/index.php?rest_route=\/wp\/v2\/users\/1"}],"replies":[{"embeddable":true,"href":"https:\/\/glamglow-room.ch\/index.php?rest_route=%2Fwp%2Fv2%2Fcomments&post=171"}],"version-history":[{"count":4,"href":"https:\/\/glamglow-room.ch\/index.php?rest_route=\/wp\/v2\/pages\/171\/revisions"}],"predecessor-version":[{"id":213,"href":"https:\/\/glamglow-room.ch\/index.php?rest_route=\/wp\/v2\/pages\/171\/revisions\/213"}],"wp:attachment":[{"href":"https:\/\/glamglow-room.ch\/index.php?rest_route=%2Fwp%2Fv2%2Fmedia&parent=171"}],"curies":[{"name":"wp","href":"https:\/\/api.w.org\/{rel}","templated":true}]}}